{"id":51,"date":"2025-06-22T09:44:05","date_gmt":"2025-06-22T09:44:05","guid":{"rendered":"https:\/\/grupa-qmd.pl\/maszyny\/?page_id=51"},"modified":"2025-10-18T22:47:58","modified_gmt":"2025-10-18T22:47:58","slug":"o-nas","status":"publish","type":"page","link":"https:\/\/troutpelka.eu\/?page_id=51","title":{"rendered":"O nas"},"content":{"rendered":"\n<h2 class=\"wp-block-heading\">O nas<\/h2>\n\n\n\n<hr class=\"wp-block-separator has-text-color has-foreground-color has-alpha-channel-opacity has-foreground-background-color has-background is-style-wide\" style=\"margin-top:var(--wp--preset--spacing--30);margin-bottom:var(--wp--preset--spacing--30)\"\/>\n\n\n\n<p>Od 1993 roku specjalizujemy si\u0119 w hodowli pstr\u0105ga t\u0119czowego, \u0142\u0105cz\u0105c tradycj\u0119 z nowoczesnymi metodami akwakultury. Nasze ryby dorastaj\u0105 w czystych, naturalnych wodach, co gwarantuje im najwy\u017csz\u0105 jako\u015b\u0107 i wyj\u0105tkowy smak. Od ponad trzech dekad dostarczamy zdrowy, \u015bwie\u017cy produkt, w kt\u00f3ry wk\u0142adamy pasj\u0119 i do\u015bwiadczenie.<\/p>\n\n\n\n<hr class=\"wp-block-separator has-text-color has-foreground-color has-alpha-channel-opacity has-foreground-background-color has-background is-style-wide\" style=\"margin-top:var(--wp--preset--spacing--30);margin-bottom:var(--wp--preset--spacing--30)\"\/>\n\n\n\n<figure class=\"wp-block-image size-full\"><img loading=\"lazy\" decoding=\"async\" width=\"810\" height=\"608\" src=\"https:\/\/troutpelka.eu\/wp-content\/uploads\/2025\/10\/137209412_1591202447731082_1537391984578102380_n.png\" alt=\"\" class=\"wp-image-310\" srcset=\"https:\/\/troutpelka.eu\/wp-content\/uploads\/2025\/10\/137209412_1591202447731082_1537391984578102380_n.png 810w, https:\/\/troutpelka.eu\/wp-content\/uploads\/2025\/10\/137209412_1591202447731082_1537391984578102380_n-300x225.png 300w, https:\/\/troutpelka.eu\/wp-content\/uploads\/2025\/10\/137209412_1591202447731082_1537391984578102380_n-768x576.png 768w\" sizes=\"auto, (max-width: 810px) 100vw, 810px\" \/><\/figure>\n","protected":false},"excerpt":{"rendered":"<p>O nas Od 1993 roku specjalizujemy si\u0119 w hodowli pstr\u0105ga t\u0119czowego, \u0142\u0105cz\u0105c tradycj\u0119 z nowoczesnymi metodami akwakultury. Nasze ryby dorastaj\u0105 w czystych, naturalnych wodach, co gwarantuje im najwy\u017csz\u0105 jako\u015b\u0107 i wyj\u0105tkowy smak. Od ponad trzech dekad dostarczamy zdrowy, \u015bwie\u017cy produkt, w kt\u00f3ry wk\u0142adamy pasj\u0119 i do\u015bwiadczenie.<\/p>\n","protected":false},"author":1,"featured_media":0,"parent":0,"menu_order":0,"comment_status":"closed","ping_status":"closed","template":"page-no-title","meta":{"footnotes":""},"class_list":["post-51","page","type-page","status-publish","hentry"],"_links":{"self":[{"href":"https:\/\/troutpelka.eu\/index.php?rest_route=\/wp\/v2\/pages\/51","targetHints":{"allow":["GET"]}}],"collection":[{"href":"https:\/\/troutpelka.eu\/index.php?rest_route=\/wp\/v2\/pages"}],"about":[{"href":"https:\/\/troutpelka.eu\/index.php?rest_route=\/wp\/v2\/types\/page"}],"author":[{"embeddable":true,"href":"https:\/\/troutpelka.eu\/index.php?rest_route=\/wp\/v2\/users\/1"}],"replies":[{"embeddable":true,"href":"https:\/\/troutpelka.eu\/index.php?rest_route=%2Fwp%2Fv2%2Fcomments&post=51"}],"version-history":[{"count":8,"href":"https:\/\/troutpelka.eu\/index.php?rest_route=\/wp\/v2\/pages\/51\/revisions"}],"predecessor-version":[{"id":312,"href":"https:\/\/troutpelka.eu\/index.php?rest_route=\/wp\/v2\/pages\/51\/revisions\/312"}],"wp:attachment":[{"href":"https:\/\/troutpelka.eu\/index.php?rest_route=%2Fwp%2Fv2%2Fmedia&parent=51"}],"curies":[{"name":"wp","href":"https:\/\/api.w.org\/{rel}","templated":true}]}}